{"id":497,"date":"2020-11-17T20:43:40","date_gmt":"2020-11-17T20:43:40","guid":{"rendered":"http:\/\/rosalazarus.de\/?page_id=497"},"modified":"2020-12-11T10:45:38","modified_gmt":"2020-12-11T10:45:38","slug":"online-ausstellung","status":"publish","type":"page","link":"https:\/\/rosalazarus.de\/nl\/online-ausstellung\/","title":{"rendered":"Online tentoonstelling"},"content":{"rendered":"<p><img loading=\"lazy\" decoding=\"async\" class=\"wp-image-1812  aligncenter\" src=\"http:\/\/rosalazarus.de\/wp-content\/uploads\/2020\/12\/tablet.jpg\" alt=\"\" width=\"440\" height=\"311\" srcset=\"https:\/\/rosalazarus.de\/wp-content\/uploads\/2020\/12\/tablet.jpg 1280w, https:\/\/rosalazarus.de\/wp-content\/uploads\/2020\/12\/tablet-1024x724.jpg 1024w, https:\/\/rosalazarus.de\/wp-content\/uploads\/2020\/12\/tablet-768x543.jpg 768w\" sizes=\"(max-width: 440px) 100vw, 440px\" \/><\/p>\n<p>Hartelijk welkom bij de online-tentoonstelling over de Joodse Rosa Lazarus. In negen verschillende hoofdstukken wordt Rosa\u2019s geschiedenis met talrijke documenten, foto\u2019s en kleine citaten van ooggetuigen tastbaar.<\/p>\n<p>In der galerie\u00ebn kan met behulp van pijlen worden genavigeerd en de documenten kunnen met \u00e9\u00e9n klik in een nieuw venster volledig worden geopend. Via het dropdown-menu boven kunt u de afzonderlijke delen van de tentoonstelling direct uitkiezen. Maar u kunt ook een digitale rondleiding volgen: gewoon aan het einde van de respectievelijke pagina op \u201eVerder\u201c klikken, dan komt u naar het volgende deel.<\/p>\n<p>Wij wensen u een informatief bezoek van onze digitale tentoonstelling.<\/p>\n<a class=\"maxbutton-1 maxbutton maxbutton-1\" href=\"http:\/\/rosalazarus.de\/nl\/familie-lazarus\/\"><span class='mb-text'>beginnen<\/span><\/a>\n","protected":false},"excerpt":{"rendered":"<p>Hartelijk welkom bij de online-tentoonstelling over de Joodse Rosa Lazarus. In negen verschillende hoofdstukken wordt Rosa\u2019s geschiedenis met talrijke documenten, foto\u2019s en kleine citaten van ooggetuigen tastbaar. In der galerie\u00ebn kan met behulp van pijlen worden genavigeerd en de documenten kunnen met \u00e9\u00e9n klik in een nieuw venster volledig worden geopend. Via het dropdown-menu boven &hellip; <\/p>\n<p class=\"link-more\"><a href=\"https:\/\/rosalazarus.de\/nl\/online-ausstellung\/\" class=\"more-link\">Continue reading<span class=\"screen-reader-text\"> &#8220;Online tentoonstelling&#8221;<\/span><\/a><\/p>\n","protected":false},"author":1,"featured_media":1821,"parent":0,"menu_order":0,"comment_status":"closed","ping_status":"closed","template":"","meta":{"_FSMCFIC_featured_image_caption":"","_FSMCFIC_featured_image_nocaption":null,"_FSMCFIC_featured_image_hide":null,"footnotes":""},"translation":{"provider":"WPGlobus","version":"2.12.2","language":"nl","enabled_languages":["de","nl"],"languages":{"de":{"title":true,"content":true,"excerpt":false},"nl":{"title":true,"content":true,"excerpt":false}}},"_links":{"self":[{"href":"https:\/\/rosalazarus.de\/nl\/wp-json\/wp\/v2\/pages\/497"}],"collection":[{"href":"https:\/\/rosalazarus.de\/nl\/wp-json\/wp\/v2\/pages"}],"about":[{"href":"https:\/\/rosalazarus.de\/nl\/wp-json\/wp\/v2\/types\/page"}],"author":[{"embeddable":true,"href":"https:\/\/rosalazarus.de\/nl\/wp-json\/wp\/v2\/users\/1"}],"replies":[{"embeddable":true,"href":"https:\/\/rosalazarus.de\/nl\/wp-json\/wp\/v2\/comments?post=497"}],"version-history":[{"count":23,"href":"https:\/\/rosalazarus.de\/nl\/wp-json\/wp\/v2\/pages\/497\/revisions"}],"predecessor-version":[{"id":1938,"href":"https:\/\/rosalazarus.de\/nl\/wp-json\/wp\/v2\/pages\/497\/revisions\/1938"}],"wp:featuredmedia":[{"embeddable":true,"href":"https:\/\/rosalazarus.de\/nl\/wp-json\/wp\/v2\/media\/1821"}],"wp:attachment":[{"href":"https:\/\/rosalazarus.de\/nl\/wp-json\/wp\/v2\/media?parent=497"}],"curies":[{"name":"wp","href":"https:\/\/api.w.org\/{rel}","templated":true}]}}